{"id":451,"date":"2026-01-24T21:42:51","date_gmt":"2026-01-24T21:42:51","guid":{"rendered":"https:\/\/jaresanchez.com\/?page_id=451"},"modified":"2026-04-12T00:03:13","modified_gmt":"2026-04-12T00:03:13","slug":"ubicacion","status":"publish","type":"page","link":"https:\/\/jaresanchez.com\/en\/ubicacion\/","title":{"rendered":"Location"},"content":{"rendered":"<div data-elementor-type=\"wp-page\" data-elementor-id=\"451\" class=\"elementor elementor-451\">\n\t\t\t\t\t\t<section class=\"elementor-section elementor-top-section elementor-element elementor-element-0f1f618 she-header-yes elementor-section-boxed elementor-section-height-default elementor-section-height-default\" data-id=\"0f1f618\" data-element_type=\"section\" data-settings=\"{&quot;transparent&quot;:&quot;yes&quot;,&quot;background_show&quot;:&quot;yes&quot;,&quot;background&quot;:&quot;#191D1DF2&quot;,&quot;transparent_on&quot;:[&quot;desktop&quot;,&quot;tablet&quot;,&quot;mobile&quot;],&quot;scroll_distance&quot;:{&quot;unit&quot;:&quot;px&quot;,&quot;size&quot;:60,&quot;sizes&quot;:[]},&quot;scroll_distance_tablet&quot;:{&quot;unit&quot;:&quot;px&quot;,&quot;size&quot;:&quot;&quot;,&quot;sizes&quot;:[]},&quot;scroll_distance_mobile&quot;:{&quot;unit&quot;:&quot;px&quot;,&quot;size&quot;:&quot;&quot;,&quot;sizes&quot;:[]},&quot;she_offset_top&quot;:{&quot;unit&quot;:&quot;px&quot;,&quot;size&quot;:0,&quot;sizes&quot;:[]},&quot;she_offset_top_tablet&quot;:{&quot;unit&quot;:&quot;px&quot;,&quot;size&quot;:&quot;&quot;,&quot;sizes&quot;:[]},&quot;she_offset_top_mobile&quot;:{&quot;unit&quot;:&quot;px&quot;,&quot;size&quot;:&quot;&quot;,&quot;sizes&quot;:[]},&quot;she_width&quot;:{&quot;unit&quot;:&quot;%&quot;,&quot;size&quot;:100,&quot;sizes&quot;:[]},&quot;she_width_tablet&quot;:{&quot;unit&quot;:&quot;px&quot;,&quot;size&quot;:&quot;&quot;,&quot;sizes&quot;:[]},&quot;she_width_mobile&quot;:{&quot;unit&quot;:&quot;px&quot;,&quot;size&quot;:&quot;&quot;,&quot;sizes&quot;:[]},&quot;she_padding&quot;:{&quot;unit&quot;:&quot;px&quot;,&quot;top&quot;:0,&quot;right&quot;:&quot;&quot;,&quot;bottom&quot;:0,&quot;left&quot;:&quot;&quot;,&quot;isLinked&quot;:true},&quot;she_padding_tablet&quot;:{&quot;unit&quot;:&quot;px&quot;,&quot;top&quot;:&quot;&quot;,&quot;right&quot;:&quot;&quot;,&quot;bottom&quot;:&quot;&quot;,&quot;left&quot;:&quot;&quot;,&quot;isLinked&quot;:true},&quot;she_padding_mobile&quot;:{&quot;unit&quot;:&quot;px&quot;,&quot;top&quot;:&quot;&quot;,&quot;right&quot;:&quot;&quot;,&quot;bottom&quot;:&quot;&quot;,&quot;left&quot;:&quot;&quot;,&quot;isLinked&quot;:true}}\">\n\t\t\t\t\t\t<div class=\"elementor-container elementor-column-gap-no\">\n\t\t\t\t\t<div class=\"elementor-column elementor-col-33 elementor-top-column elementor-element elementor-element-a6549a6\" data-id=\"a6549a6\" data-element_type=\"column\">\n\t\t\t<div class=\"elementor-widget-wrap elementor-element-populated\">\n\t\t\t\t\t\t<div class=\"elementor-element elementor-element-77ff35b elementor-widget elementor-widget-image\" data-id=\"77ff35b\" data-element_type=\"widget\" data-widget_type=\"image.default\">\n\t\t\t\t\t\t\t\t\t\t\t\t\t\t\t\t<a href=\"https:\/\/jaresanchez.com\/en\/\">\n\t\t\t\t\t\t\t<img fetchpriority=\"high\" decoding=\"async\" width=\"693\" height=\"125\" src=\"https:\/\/jaresanchez.com\/wp-content\/uploads\/2026\/01\/jare-sanchez-logo-menu-BIG.webp\" class=\"attachment-full size-full wp-image-485\" alt=\"\" srcset=\"https:\/\/jaresanchez.com\/wp-content\/uploads\/2026\/01\/jare-sanchez-logo-menu-BIG.webp 693w, https:\/\/jaresanchez.com\/wp-content\/uploads\/2026\/01\/jare-sanchez-logo-menu-BIG-300x54.webp 300w\" sizes=\"(max-width: 693px) 100vw, 693px\" \/>\t\t\t\t\t\t\t\t<\/a>\n\t\t\t\t\t\t\t\t\t\t\t\t\t\t\t<\/div>\n\t\t\t\t\t<\/div>\n\t\t<\/div>\n\t\t\t\t<div class=\"elementor-column elementor-col-33 elementor-top-column elementor-element elementor-element-ae2a86a\" data-id=\"ae2a86a\" data-element_type=\"column\">\n\t\t\t<div class=\"elementor-widget-wrap elementor-element-populated\">\n\t\t\t\t\t\t<div class=\"elementor-element elementor-element-ee5bbba elementor-widget elementor-widget-ekit-nav-menu\" data-id=\"ee5bbba\" data-element_type=\"widget\" data-widget_type=\"ekit-nav-menu.default\">\n\t\t\t\t<div class=\"elementor-widget-container\">\n\t\t\t\t\t\t\t<nav class=\"ekit-wid-con ekit_menu_responsive_tablet\" \n\t\t\tdata-hamburger-icon=\"\" \n\t\t\tdata-hamburger-icon-type=\"icon\" \n\t\t\tdata-responsive-breakpoint=\"1024\">\n\t\t\t            <button class=\"elementskit-menu-hamburger elementskit-menu-toggler\"  type=\"button\" aria-label=\"hamburger-icon\">\n                                    <span class=\"elementskit-menu-hamburger-icon\"><\/span><span class=\"elementskit-menu-hamburger-icon\"><\/span><span class=\"elementskit-menu-hamburger-icon\"><\/span>\n                            <\/button>\n            <div id=\"ekit-megamenu-jare-two\" class=\"elementskit-menu-container elementskit-menu-offcanvas-elements elementskit-navbar-nav-default ekit-nav-menu-one-page-no ekit-nav-dropdown-hover\"><ul id=\"menu-jare-two\" class=\"elementskit-navbar-nav elementskit-menu-po-right submenu-click-on-\"><li id=\"menu-item-195\" class=\"menu-item menu-item-type-custom menu-item-object-custom menu-item-195 nav-item elementskit-mobile-builder-content\" data-vertical-menu=\"750px\"><a href=\"https:\/\/jaresanchez.com\/en\/\" class=\"ekit-menu-nav-link\">Home<\/a><\/li>\n<li id=\"menu-item-196\" class=\"menu-item menu-item-type-custom menu-item-object-custom menu-item-196 nav-item elementskit-mobile-builder-content\" data-vertical-menu=\"750px\"><a href=\"https:\/\/jaresanchez.com\/en\/dra-jare-sanchez\/\" class=\"ekit-menu-nav-link\">Dr. Jare<\/a><\/li>\n<li id=\"menu-item-611\" class=\"menu-item menu-item-type-custom menu-item-object-custom menu-item-611 nav-item elementskit-mobile-builder-content\" data-vertical-menu=\"750px\"><a href=\"https:\/\/jaresanchez.com\/en\/dental-implant\/\" class=\"ekit-menu-nav-link\">Dental Implant<\/a><\/li>\n<li id=\"menu-item-197\" class=\"menu-item menu-item-type-custom menu-item-object-custom menu-item-197 nav-item elementskit-mobile-builder-content\" data-vertical-menu=\"750px\"><a href=\"https:\/\/jaresanchez.com\/en\/pacientes\/\" class=\"ekit-menu-nav-link\">Patients<\/a><\/li>\n<li id=\"menu-item-242\" class=\"menu-item menu-item-type-custom menu-item-object-custom menu-item-242 nav-item elementskit-mobile-builder-content\" data-vertical-menu=\"750px\"><a href=\"https:\/\/jaresanchez.com\/en\/ubicacion\/\" class=\"ekit-menu-nav-link\">Location<\/a><\/li>\n<\/ul><div class=\"elementskit-nav-identity-panel\"><a class=\"elementskit-nav-logo\" href=\"https:\/\/jaresanchez.com\/en\" target=\"\" rel=\"\"><img src=\"https:\/\/jaresanchez.com\/wp-content\/uploads\/2026\/01\/jare-sanchez-logo-menu-BIG.webp\" title=\"jare-sanchez-logo-menu-BIG\" alt=\"jare-sanchez-logo-menu-BIG\" decoding=\"async\" \/><\/a><button class=\"elementskit-menu-close elementskit-menu-toggler\" type=\"button\">X<\/button><\/div><\/div>\t\t\t\n\t\t\t<div class=\"elementskit-menu-overlay elementskit-menu-offcanvas-elements elementskit-menu-toggler ekit-nav-menu--overlay\"><\/div>        <\/nav>\n\t\t\t\t\t\t<\/div>\n\t\t\t\t<\/div>\n\t\t\t\t\t<\/div>\n\t\t<\/div>\n\t\t\t\t<div class=\"elementor-column elementor-col-33 elementor-top-column elementor-element elementor-element-91ec12e elementor-hidden-mobile\" data-id=\"91ec12e\" data-element_type=\"column\">\n\t\t\t<div class=\"elementor-widget-wrap elementor-element-populated\">\n\t\t\t\t\t\t<div class=\"elementor-element elementor-element-08637cb elementor-align-right elementor-widget elementor-widget-elementskit-button\" data-id=\"08637cb\" data-element_type=\"widget\" data-widget_type=\"elementskit-button.default\">\n\t\t\t\t\t<div class=\"ekit-wid-con\" >\t\t<div class=\"ekit-btn-wraper\">\n\t\t\t\t\t\t\t<a href=\"http:\/\/wa.me\/573104744014\" class=\"elementskit-btn  whitespace--normal\" id=\"\">\n\t\t\t\t\tAppointment\t\t\t\t<\/a>\n\t\t\t\t\t<\/div>\n        <\/div>\t\t\t\t<\/div>\n\t\t\t\t\t<\/div>\n\t\t<\/div>\n\t\t\t\t\t<\/div>\n\t\t<\/section>\n\t\t\t\t<section class=\"elementor-section elementor-top-section elementor-element elementor-element-1e67ef99 elementor-section-boxed elementor-section-height-default elementor-section-height-default\" data-id=\"1e67ef99\" data-element_type=\"section\" data-settings=\"{&quot;background_background&quot;:&quot;classic&quot;}\">\n\t\t\t\t\t\t<div class=\"elementor-container elementor-column-gap-no\">\n\t\t\t\t\t<div class=\"elementor-column elementor-col-100 elementor-top-column elementor-element elementor-element-37bd2686\" data-id=\"37bd2686\" data-element_type=\"column\">\n\t\t\t<div class=\"elementor-widget-wrap elementor-element-populated\">\n\t\t\t\t\t\t<div class=\"elementor-element elementor-element-229fc4b2 elementor-widget elementor-widget-heading\" data-id=\"229fc4b2\" data-element_type=\"widget\" data-widget_type=\"heading.default\">\n\t\t\t\t\t<h1 class=\"elementor-heading-title elementor-size-default\">Cali - Colombia<\/h1>\t\t\t\t<\/div>\n\t\t\t\t\t<\/div>\n\t\t<\/div>\n\t\t\t\t\t<\/div>\n\t\t<\/section>\n\t\t\t\t<section class=\"elementor-section elementor-top-section elementor-element elementor-element-3415e93a elementor-section-boxed elementor-section-height-default elementor-section-height-default\" data-id=\"3415e93a\" data-element_type=\"section\">\n\t\t\t\t\t\t<div class=\"elementor-container elementor-column-gap-no\">\n\t\t\t\t\t<div class=\"elementor-column elementor-col-50 elementor-top-column elementor-element elementor-element-567cccfc\" data-id=\"567cccfc\" data-element_type=\"column\">\n\t\t\t<div class=\"elementor-widget-wrap elementor-element-populated\">\n\t\t\t\t\t\t<div class=\"elementor-element elementor-element-73c876f8 elementor-widget elementor-widget-elementskit-heading\" data-id=\"73c876f8\" data-element_type=\"widget\" data-widget_type=\"elementskit-heading.default\">\n\t\t\t\t\t<div class=\"ekit-wid-con\" ><div class=\"ekit-heading elementskit-section-title-wraper text_left   ekit_heading_tablet-   ekit_heading_mobile-\"><h2 class=\"elementskit-section-subtitle\">\n\t\t\t\t\t\tUBICACI\u00d3N\n\t\t\t\t\t<\/h2><h3 class=\"ekit-heading--title elementskit-section-title\">EDIFICIO NATUS<\/h3>\t\t\t\t<div class='ekit-heading__description'>\n\t\t\t\t\t<p>Estamos ubicados en el Edificio NATUS una nueva construcci\u00f3n ubicada a 30 minutos del aeropuerto de Cali y rodeado de centros comerciales, restaurantes y hoteles cinco estrellas.\u00a0<\/p>\n<p>\u00a0<\/p>\n\t\t\t\t<\/div>\n\t\t\t<\/div><\/div>\t\t\t\t<\/div>\n\t\t\t\t<div class=\"elementor-element elementor-element-7985362c elementor-align-start elementor-icon-list--layout-traditional elementor-list-item-link-full_width elementor-widget elementor-widget-icon-list\" data-id=\"7985362c\" data-element_type=\"widget\" data-widget_type=\"icon-list.default\">\n\t\t\t\t\t\t\t<ul class=\"elementor-icon-list-items\">\n\t\t\t\t\t\t\t<li class=\"elementor-icon-list-item\">\n\t\t\t\t\t\t\t\t\t\t\t<a href=\"https:\/\/wa.me\/+573104744014\">\n\n\t\t\t\t\t\t\t\t\t\t\t<span class=\"elementor-icon-list-text\">+573104744014<\/span>\n\t\t\t\t\t\t\t\t\t\t\t<\/a>\n\t\t\t\t\t\t\t\t\t<\/li>\n\t\t\t\t\t\t\t\t<li class=\"elementor-icon-list-item\">\n\t\t\t\t\t\t\t\t\t\t<span class=\"elementor-icon-list-text\">Cali - Colombia<\/span>\n\t\t\t\t\t\t\t\t\t<\/li>\n\t\t\t\t\t\t\t\t<li class=\"elementor-icon-list-item\">\n\t\t\t\t\t\t\t\t\t\t<span class=\"elementor-icon-list-text\">Cra. 37a #5B - 63 San Fernando  <\/span>\n\t\t\t\t\t\t\t\t\t<\/li>\n\t\t\t\t\t\t<\/ul>\n\t\t\t\t\t\t<\/div>\n\t\t\t\t\t<\/div>\n\t\t<\/div>\n\t\t\t\t<div class=\"elementor-column elementor-col-50 elementor-top-column elementor-element elementor-element-7918d540\" data-id=\"7918d540\" data-element_type=\"column\">\n\t\t\t<div class=\"elementor-widget-wrap elementor-element-populated\">\n\t\t\t\t\t\t<div class=\"elementor-element elementor-element-9634ac3 elementor-widget__width-initial elementor-widget elementor-widget-image\" data-id=\"9634ac3\" data-element_type=\"widget\" data-widget_type=\"image.default\">\n\t\t\t\t\t\t\t\t\t\t\t\t\t\t\t<img decoding=\"async\" width=\"800\" height=\"800\" src=\"https:\/\/jaresanchez.com\/wp-content\/uploads\/2026\/01\/Edificio-Natus-Cali-Jare-Sanchez.webp\" class=\"attachment-full size-full wp-image-475\" alt=\"\" srcset=\"https:\/\/jaresanchez.com\/wp-content\/uploads\/2026\/01\/Edificio-Natus-Cali-Jare-Sanchez.webp 800w, https:\/\/jaresanchez.com\/wp-content\/uploads\/2026\/01\/Edificio-Natus-Cali-Jare-Sanchez-300x300.webp 300w, https:\/\/jaresanchez.com\/wp-content\/uploads\/2026\/01\/Edificio-Natus-Cali-Jare-Sanchez-150x150.webp 150w, https:\/\/jaresanchez.com\/wp-content\/uploads\/2026\/01\/Edificio-Natus-Cali-Jare-Sanchez-768x768.webp 768w\" sizes=\"(max-width: 800px) 100vw, 800px\" \/>\t\t\t\t\t\t\t\t\t\t\t\t\t\t\t<\/div>\n\t\t\t\t\t<\/div>\n\t\t<\/div>\n\t\t\t\t\t<\/div>\n\t\t<\/section>\n\t\t<div class=\"elementor-element elementor-element-2b3bc57 e-con-full e-flex e-con e-parent\" data-id=\"2b3bc57\" data-element_type=\"container\">\n\t\t\t\t<div class=\"elementor-element elementor-element-960175c elementor-widget elementor-widget-spacer\" data-id=\"960175c\" data-element_type=\"widget\" data-widget_type=\"spacer.default\">\n\t\t\t\t\t\t\t<div class=\"elementor-spacer\">\n\t\t\t<div class=\"elementor-spacer-inner\"><\/div>\n\t\t<\/div>\n\t\t\t\t\t\t<\/div>\n\t\t\t\t<\/div>\n\t\t\t\t<section class=\"elementor-section elementor-top-section elementor-element elementor-element-2c133e2 elementor-section-boxed elementor-section-height-default elementor-section-height-default\" data-id=\"2c133e2\" data-element_type=\"section\" data-settings=\"{&quot;background_background&quot;:&quot;classic&quot;}\">\n\t\t\t\t\t\t<div class=\"elementor-container elementor-column-gap-no\">\n\t\t\t\t\t<div class=\"elementor-column elementor-col-33 elementor-top-column elementor-element elementor-element-197fb2b\" data-id=\"197fb2b\" data-element_type=\"column\">\n\t\t\t<div class=\"elementor-widget-wrap elementor-element-populated\">\n\t\t\t\t\t\t<div class=\"elementor-element elementor-element-170c5c8 elementor-widget elementor-widget-image\" data-id=\"170c5c8\" data-element_type=\"widget\" data-widget_type=\"image.default\">\n\t\t\t\t\t\t\t\t\t\t\t\t\t\t\t<img decoding=\"async\" width=\"180\" height=\"55\" src=\"https:\/\/jaresanchez.com\/wp-content\/uploads\/2026\/04\/prev_testimonios.png\" class=\"attachment-full size-full wp-image-660\" alt=\"\" srcset=\"https:\/\/jaresanchez.com\/wp-content\/uploads\/2026\/04\/prev_testimonios.png 180w, https:\/\/jaresanchez.com\/wp-content\/uploads\/2026\/04\/prev_testimonios-18x6.png 18w\" sizes=\"(max-width: 180px) 100vw, 180px\" \/>\t\t\t\t\t\t\t\t\t\t\t\t\t\t\t<\/div>\n\t\t\t\t<div class=\"elementor-element elementor-element-b483976 elementor-star-rating--align-start elementor--star-style-star_fontawesome elementor-widget elementor-widget-star-rating\" data-id=\"b483976\" data-element_type=\"widget\" data-widget_type=\"star-rating.default\">\n\t\t\t\t\t\t\t<div class=\"elementor-star-rating__wrapper\">\n\t\t\t\t\t\t\t<div class=\"elementor-star-rating__title\">(5.0)<\/div>\n\t\t\t\t\t\t<div class=\"elementor-star-rating\" itemtype=\"http:\/\/schema.org\/Rating\" itemscope=\"\" itemprop=\"reviewRating\">\n\t\t\t\t<i class=\"elementor-star-full\" aria-hidden=\"true\">&#xE934;<\/i><i class=\"elementor-star-full\" aria-hidden=\"true\">&#xE934;<\/i><i class=\"elementor-star-full\" aria-hidden=\"true\">&#xE934;<\/i><i class=\"elementor-star-full\" aria-hidden=\"true\">&#xE934;<\/i><i class=\"elementor-star-full\" aria-hidden=\"true\">&#xE934;<\/i>\t\t\t\t<span itemprop=\"ratingValue\" class=\"elementor-screen-only\" data-no-translation=\"\" data-trp-gettext=\"\">Rated 5 out of 5<\/span>\n\t\t\t<\/div>\n\t\t<\/div>\n\t\t\t\t\t\t<\/div>\n\t\t\t\t<div class=\"elementor-element elementor-element-452c398 elementor-widget elementor-widget-text-editor\" data-id=\"452c398\" data-element_type=\"widget\" data-widget_type=\"text-editor.default\">\n\t\t\t\t\t\t\t\t\t<p>PACIENTES SATISFECHOS<\/p>\t\t\t\t\t\t\t\t<\/div>\n\t\t\t\t\t<\/div>\n\t\t<\/div>\n\t\t\t\t<div class=\"elementor-column elementor-col-33 elementor-top-column elementor-element elementor-element-0af890e\" data-id=\"0af890e\" data-element_type=\"column\">\n\t\t\t<div class=\"elementor-widget-wrap elementor-element-populated\">\n\t\t\t\t\t\t<div class=\"elementor-element elementor-element-2f5eb96 elementor-align-left elementor-widget elementor-widget-elementskit-button\" data-id=\"2f5eb96\" data-element_type=\"widget\" data-widget_type=\"elementskit-button.default\">\n\t\t\t\t\t<div class=\"ekit-wid-con\" >\t\t<div class=\"ekit-btn-wraper\">\n\t\t\t\t\t\t\t<a href=\"https:\/\/share.google\/EUVpkEG4BUaX0iBOV\" class=\"elementskit-btn  whitespace--normal\" id=\"\">\n\t\t\t\t\tIR A GOOGLE\t\t\t\t<\/a>\n\t\t\t\t\t<\/div>\n        <\/div>\t\t\t\t<\/div>\n\t\t\t\t\t<\/div>\n\t\t<\/div>\n\t\t\t\t<div class=\"elementor-column elementor-col-33 elementor-top-column elementor-element elementor-element-077093b\" data-id=\"077093b\" data-element_type=\"column\">\n\t\t\t<div class=\"elementor-widget-wrap elementor-element-populated\">\n\t\t\t\t\t\t<div class=\"elementor-element elementor-element-12475b6 elementor-widget elementor-widget-elementskit-team\" data-id=\"12475b6\" data-element_type=\"widget\" data-widget_type=\"elementskit-team.default\">\n\t\t\t\t<div class=\"elementor-widget-container\">\n\t\t\t\t\t<div class=\"ekit-wid-con\">\t\t <div class=\"profile-square-v\"> \t\t\t\t\t\t\n\t\t<div class=\"profile-card elementor-animation- text-center ekit-team-style-centered_style\">\n\t\t\t\n\t\t\t\t<div class=\"profile-header ekit-team-img\" >\n\t\t\t\t\t<img loading=\"lazy\" decoding=\"async\" width=\"274\" height=\"274\" src=\"https:\/\/jaresanchez.com\/wp-content\/uploads\/2026\/01\/Dra-Jare-4a.webp\" class=\"attachment-full size-full wp-image-524\" alt=\"\" srcset=\"https:\/\/jaresanchez.com\/wp-content\/uploads\/2026\/01\/Dra-Jare-4a.webp 274w, https:\/\/jaresanchez.com\/wp-content\/uploads\/2026\/01\/Dra-Jare-4a-150x150.webp 150w\" sizes=\"(max-width: 274px) 100vw, 274px\" \/>\t\t\t\t<\/div><!-- .profile-header END -->\n\t\t\t\n\n\t\t\t\t<div class=\"profile-body\">\n\t\t\t\t\t\n\t\t\t\t\t<h2 class=\"profile-title\">\n\t\t\t\t\t\t\t\t\t\t\tDRA. JARE SANCHEZ\t\t\t\t\t\t\t\t\t\t<\/h2>\n\t\t\t\t\t<p class=\"profile-designation\">&quot;Pacientes felices&quot;<\/p>\n\t\t\t\t\t\t\t\t\t<\/div><!-- .profile-body END -->\n\n\t\t\t\t\t\t\t\t<\/div>\n\t\t\t\t <\/div> \t\t\t\n\t\t\t\n\t\t\t\t<\/div>\t\t\t\t<\/div>\n\t\t\t\t<\/div>\n\t\t\t\t\t<\/div>\n\t\t<\/div>\n\t\t\t\t\t<\/div>\n\t\t<\/section>\n\t\t<div class=\"elementor-element elementor-element-13e6cbc e-con-full e-flex e-con e-parent\" data-id=\"13e6cbc\" data-element_type=\"container\">\n\t\t\t\t<div class=\"elementor-element elementor-element-48196d4 elementor-widget elementor-widget-spacer\" data-id=\"48196d4\" data-element_type=\"widget\" data-widget_type=\"spacer.default\">\n\t\t\t\t\t\t\t<div class=\"elementor-spacer\">\n\t\t\t<div class=\"elementor-spacer-inner\"><\/div>\n\t\t<\/div>\n\t\t\t\t\t\t<\/div>\n\t\t\t\t<\/div>\n\t\t<div class=\"elementor-element elementor-element-0c71d2b e-con-full e-flex e-con e-parent\" data-id=\"0c71d2b\" data-element_type=\"container\">\n\t\t\t\t<div class=\"elementor-element elementor-element-8382009 elementor-widget elementor-widget-google_maps\" data-id=\"8382009\" data-element_type=\"widget\" data-widget_type=\"google_maps.default\">\n\t\t\t\t\t\t\t<div class=\"elementor-custom-embed\">\n\t\t\t<iframe loading=\"lazy\"\n\t\t\t\t\tsrc=\"https:\/\/maps.google.com\/maps?q=Edificio%20Natus%20Cali&#038;t=m&#038;z=18&#038;output=embed&#038;iwloc=near\"\n\t\t\t\t\ttitle=\"Edificio Natus Cali\"\n\t\t\t\t\taria-label=\"Edificio Natus Cali\"\n\t\t\t><\/iframe>\n\t\t<\/div>\n\t\t\t\t\t\t<\/div>\n\t\t\t\t<\/div>\n\t\t<div class=\"elementor-element elementor-element-b01d65f e-con-full e-flex e-con e-parent\" data-id=\"b01d65f\" data-element_type=\"container\">\n\t\t\t\t<div class=\"elementor-element elementor-element-6e10226 elementor-widget elementor-widget-spacer\" data-id=\"6e10226\" data-element_type=\"widget\" data-widget_type=\"spacer.default\">\n\t\t\t\t\t\t\t<div class=\"elementor-spacer\">\n\t\t\t<div class=\"elementor-spacer-inner\"><\/div>\n\t\t<\/div>\n\t\t\t\t\t\t<\/div>\n\t\t\t\t<\/div>\n\t\t\t\t<\/div>","protected":false},"excerpt":{"rendered":"<p>Home Dra. Jare Implante dental Pacientes Ubicaci\u00f3n X AGENDAR Cali &#8211; Colombia UBICACI\u00d3N EDIFICIO NATUS Estamos ubicados en el Edificio NATUS una nueva construcci\u00f3n ubicada a 30 minutos del aeropuerto de Cali y rodeado de centros comerciales, restaurantes y hoteles cinco estrellas.\u00a0 \u00a0 +573104744014 Cali &#8211; Colombia Cra. 37a #5B &#8211; 63 San Fernando (5.0) [&hellip;]<\/p>","protected":false},"author":1,"featured_media":0,"parent":0,"menu_order":0,"comment_status":"closed","ping_status":"closed","template":"","meta":{"footnotes":""},"class_list":["post-451","page","type-page","status-publish","hentry"],"_hostinger_reach_plugin_has_subscription_block":false,"_hostinger_reach_plugin_is_elementor":false,"_links":{"self":[{"href":"https:\/\/jaresanchez.com\/en\/wp-json\/wp\/v2\/pages\/451","targetHints":{"allow":["GET"]}}],"collection":[{"href":"https:\/\/jaresanchez.com\/en\/wp-json\/wp\/v2\/pages"}],"about":[{"href":"https:\/\/jaresanchez.com\/en\/wp-json\/wp\/v2\/types\/page"}],"author":[{"embeddable":true,"href":"https:\/\/jaresanchez.com\/en\/wp-json\/wp\/v2\/users\/1"}],"replies":[{"embeddable":true,"href":"https:\/\/jaresanchez.com\/en\/wp-json\/wp\/v2\/comments?post=451"}],"version-history":[{"count":43,"href":"https:\/\/jaresanchez.com\/en\/wp-json\/wp\/v2\/pages\/451\/revisions"}],"predecessor-version":[{"id":700,"href":"https:\/\/jaresanchez.com\/en\/wp-json\/wp\/v2\/pages\/451\/revisions\/700"}],"wp:attachment":[{"href":"https:\/\/jaresanchez.com\/en\/wp-json\/wp\/v2\/media?parent=451"}],"curies":[{"name":"wp","href":"https:\/\/api.w.org\/{rel}","templated":true}]}}